{"id":3,"date":"2023-02-13T23:22:36","date_gmt":"2023-02-13T23:22:36","guid":{"rendered":"https:\/\/midtemplate.makeitdigital2.tk\/?page_id=3"},"modified":"2023-05-30T09:46:06","modified_gmt":"2023-05-30T09:46:06","slug":"politica-privacidade","status":"publish","type":"page","link":"https:\/\/festival-utopia.pt\/2023\/politica-privacidade\/","title":{"rendered":"Pol\u00edtica de privacidade"},"content":{"rendered":"<p>A presente Pol\u00edtica de Seguran\u00e7a e Privacidade estabelece os termos e condi\u00e7\u00f5es ao abrigo dos quais a Booktailors &#8211; The Book Company, Unipessoal, Lda (em diante, n\u00f3s ou The Book Company), com sede na Rua Alexandre Herculano, 50, 3\u00ba Andar, 1250-011 Lisboa, trata os dados pessoais que recolhe dos utilizadores deste site.<\/p>\n<p>Na The Book Company reconhecemos a import\u00e2ncia de proteger os dados pessoais dos utilizadores do site, qualquer que seja a sua natureza. Por essa raz\u00e3o, aplicamos um conjunto de medidas de seguran\u00e7a que visam a prote\u00e7\u00e3o desses dados. N\u00e3o ser\u00e3o considerados dados pessoais relativos a menores de 18 anos, bem como n\u00e3o ser\u00e1 reconhecido qualquer pedido por estes efetuado online. Cada utilizador do site d\u00e1 expressamente a n\u00f3s o seu consentimento para que utilizemos os seus dados pessoais, bem como os dados referentes \u00e0s suas intera\u00e7\u00f5es connosco. Estes dados ser\u00e3o guardados e tratados informaticamente, podendo ser utilizados para fins de comunica\u00e7\u00e3o personalizada com os utilizadores. Os dados pessoais dos utilizadores do site ser\u00e3o tratados de acordo e em conformidade com a legisla\u00e7\u00e3o em vigor em Portugal.<\/p>\n<p>Esta Pol\u00edtica de Seguran\u00e7a e Privacidade destina-se a fornecer-lhe todas as informa\u00e7\u00f5es que necessita para compreender as nossas pr\u00e1ticas de seguran\u00e7a e privacidade. Contudo, se tiver alguma quest\u00e3o relativamente \u00e0s nossas pr\u00e1ticas e \u00e0 nossa pol\u00edtica, pode contactar-nos para <a href=\"mailto:producao@thebookcompany.pt\">producao@thebookcompany.pt<\/a>.<\/p>\n<h5>1. A NOSSA POL\u00cdTICA<\/h5>\n<p>A The Book Company respeita o direito dos utilizadores do site \u00e0 prote\u00e7\u00e3o dos seus dados pessoais.<\/p>\n<p>A The Book Company respeita o direito dos utilizadores do site \u00e0 informa\u00e7\u00e3o sobre a recolha e tratamento dos seus dados pessoais.<\/p>\n<p>A The Book Company, como controlador de dados pessoais, determina as finalidades e os meios pelos quais os dados pessoais dos utilizadores s\u00e3o processados, incluindo todas as medidas de seguran\u00e7a. A The Book Company garante que os dados pessoais s\u00e3o tratados de uma forma correta e l\u00edcita e em conformidade com a legisla\u00e7\u00e3o e as boas pr\u00e1ticas.<\/p>\n<p>No tratamento de dados que podem identificar pessoalmente um determinado utilizador, direta ou indiretamente, aplicamos o princ\u00edpio da estrita necessidade. Por esta raz\u00e3o, o site foi concebido para que a utiliza\u00e7\u00e3o dos seus dados pessoais seja m\u00ednima e n\u00e3o exceda a finalidade original para o qual foram recolhidos e\/ou processados. N\u00e3o revelamos a sua identidade quando a finalidade para a qual os seus dados pessoais est\u00e3o a ser processados possa ser obtida atrav\u00e9s de informa\u00e7\u00f5es an\u00f3nimas.<\/p>\n<h5>2. QUEM PROCESSA OS SEUS DADOS PESSOAIS<\/h5>\n<p>Na The Book Company h\u00e1 um respons\u00e1vel pela seguran\u00e7a dos dados pessoais dos utilizadores deste site, que pode ser contactado em <a href=\"mailto:producao@thebookcompany.pt\">producao@thebookcompany.pt<\/a>. Garantimos que tratamos corretamente os dados e que cumprimos a legisla\u00e7\u00e3o em vigor em Portugal, incluindo a aplica\u00e7\u00e3o das medidas t\u00e9cnicas de seguran\u00e7a por ela prescrita em rela\u00e7\u00e3o ao processamento de dados pessoais. No tratamento dos dados pessoais dos utilizadores, entidades externas que subcontratemos ter\u00e3o de agir de acordo com as nossas instru\u00e7\u00f5es e respeitando a nossa pol\u00edtica, o que ser\u00e1 verificado regularmente.<\/p>\n<h5>3. COMO E PARA QUE FIM USAMOS OS SEUS DADOS PESSOAIS<\/h5>\n<p>Os seus dados pessoais s\u00e3o recolhidos e processados por n\u00f3s com a finalidade de informar e comunicar de forma personalizada consigo. Os seus dados pessoais podem tamb\u00e9m ser utilizados em opera\u00e7\u00f5es subsidi\u00e1rias a tal finalidade. Em particular, os seus dados pessoais podem ser tratados nas seguintes opera\u00e7\u00f5es:<\/p>\n<p>a) registo de utilizador;<br \/>\nb) abertura e manuten\u00e7\u00e3o de canal de comunica\u00e7\u00e3o personalizado que seja relevante no \u00e2mbito deste site;<br \/>\nc) recolha e armazenamento de dados pessoais para n\u00e3o ter de voltar a introduzi-los no futuro;<br \/>\nd) recolha e armazenamento de dados pessoais com o objetivo de personalizar a nossa informa\u00e7\u00e3o e a nossa comunica\u00e7\u00e3o consigo;<br \/>\ne) recolha e armazenamento do consentimento para receber mensagens nossas por correio eletr\u00f3nico, mensagem escrita ou outros meios de comunica\u00e7\u00e3o.<\/p>\n<p>A The Book Company em geral solicita os dados pessoais dos utilizadores por via eletr\u00f3nica. No entanto, em certas circunst\u00e2ncias, poderemos solicit\u00e1-los em formato de papel \u2013 por exemplo, quando necessitemos de uma assinatura manuscrita para preven\u00e7\u00e3o de fraudes contra n\u00f3s.<\/p>\n<p>Os dados pessoais de cada utilizador s\u00e3o armazenados enquanto houver um canal de informa\u00e7\u00e3o e comunica\u00e7\u00e3o estabelecido com esse utilizador, exceto nos casos expressamente previstos neste documento, sempre em conformidade com legisla\u00e7\u00e3o em vigor em Portugal.<\/p>\n<p>Por favor comunique qualquer altera\u00e7\u00e3o relativa aos seus dados pessoais para <a href=\"mailto:producao@thebookcompany.pt\">producao@thebookcompany.pt<\/a>, a fim de assegurar que os seus dados pessoais estejam sempre atualizados.<\/p>\n<p>Os seus dados pessoais n\u00e3o ser\u00e3o transmitidos a terceiros sem o seu consentimento expl\u00edcito. Mesmo assim, os seus dados pessoais s\u00f3 ser\u00e3o comunicados a terceiros na medida do estritamente necess\u00e1rio. Al\u00e9m disso, os seus dados pessoais podem ser comunicados \u00e0s autoridades judiciais, em conformidade com a legisla\u00e7\u00e3o em vigor em Portugal. As entidades subcontratadas por n\u00f3s tamb\u00e9m ter\u00e3o acesso aos seus dados pessoais nos mesmos termos em que n\u00f3s teremos, caso em que o seu consentimento para o processamento de dados n\u00e3o ser\u00e1 especificamente solicitado.<\/p>\n<p>Em todos os casos em que o utilizador tenha de divulgar dados pessoais de terceiros, deve obter previamente o consentimento deles e inform\u00e1-los sobre esta nossa Pol\u00edtica. O utilizador ser\u00e1 a \u00fanica pessoa respons\u00e1vel relativamente ao uso ou divulga\u00e7\u00e3o de dados pessoais de terceiros, caso n\u00e3o tenha obtido o consentimento pr\u00e9vio para esse uso ou divulga\u00e7\u00e3o.<\/p>\n<h5>4. O QUE ACONTECE QUANDO NOS FORNECE OS SEUS DADOS PESSOAIS<\/h5>\n<p>Salvo o disposto no par\u00e1grafo seguinte, os dados pessoais que solicitamos aos utilizadores, incluindo nome, e-mail e n\u00famero de telefone, s\u00e3o necess\u00e1rios para informarmos ou comunicarmos de forma personalizada consigo, ou para fornecer servi\u00e7os constantes deste site e pedidos por si.<\/p>\n<p>Se n\u00e3o quiser fornecer-nos os seus dados pessoais, isso pode impedir-nos de processar pedidos seus ou prestar-lhe outros servi\u00e7os dispon\u00edveis neste site. Podemos mesmo recusar-nos a processar pedidos seus ou fornecer servi\u00e7os constantes deste site.<\/p>\n<p>O fornecimento dos seus dados pessoais para al\u00e9m do que \u00e9 necess\u00e1rio \u00e9 opcional e n\u00e3o tem qualquer efeito sobre o uso deste site.<\/p>\n<p>Informamos sempre quando cada dado pessoal solicitado por n\u00f3s \u00e9 de fornecimento obrigat\u00f3rio ou facultativo. O n\u00e3o preenchimento dos dados facultativos n\u00e3o resulta em qualquer preju\u00edzo na nossa rela\u00e7\u00e3o consigo, embora possa afetar o grau de personaliza\u00e7\u00e3o na nossa informa\u00e7\u00e3o e comunica\u00e7\u00e3o consigo.<br \/>\nNunca solicitamos dados sens\u00edveis ou cuja solicita\u00e7\u00e3o seja proibida por lei.<\/p>\n<h5>5. A QUEM TRANSMITIMOS OS SEUS DADOS PESSOAIS<\/h5>\n<p>Os seus dados pessoais poder\u00e3o ser transmitidos por n\u00f3s a entidades externas subcontratadas por n\u00f3s para servi\u00e7os espec\u00edficos.<\/p>\n<p>Qualquer transmiss\u00e3o de dados a terceiros ser\u00e1 realizada sem ultrapassar o fim para o qual os seus dados pessoais nos foram fornecidos.<\/p>\n<p>Al\u00e9m disso, os seus dados pessoais poder\u00e3o ser transmitidos a terceiros:<\/p>\n<p>a) quando a legisla\u00e7\u00e3o em vigor em Portugal o permita ou o exija;<br \/>\nb) para responder a pedidos de autoridades judiciais;<br \/>\nc) no \u00e2mbito de processos judiciais;<br \/>\nd) para proteger o nosso leg\u00edtimo interesse.<\/p>\n<h5>6. MEDIDAS DE SEGURAN\u00c7A<\/h5>\n<p>Adotamos medidas de seguran\u00e7a para proteger os seus dados pessoais contra destrui\u00e7\u00e3o acidental ou il\u00edcita, perda, altera\u00e7\u00e3o, transmiss\u00e3o n\u00e3o consentida, acesso n\u00e3o autorizado, e ainda contra outras formas n\u00e3o legais de processamento de dados pessoais, conforme previsto nesta Pol\u00edtica.<\/p>\n<p>No entanto, n\u00e3o podemos garantir a seguran\u00e7a na transmiss\u00e3o de dados e informa\u00e7\u00e3o do utilizador para n\u00f3s. Aconselhamos que equipe o seu computador com software que o proteja na transmiss\u00e3o e rece\u00e7\u00e3o de dados (tal como sistemas antiv\u00edrus atualizados), e que no seu browser tome as medidas adequadas para garantir a seguran\u00e7a na transmiss\u00e3o de dados (tais como firewalls e filtros antispam).<\/p>\n<h5>7. COOKIES<\/h5>\n<p>Quando o utilizador visita o site, pequenos ficheiros de texto, chamados cookies, s\u00e3o criados e gravados no seu computador. Estes ficheiros, ao reconhecer o utilizador individual, v\u00e3o permitir-lhe maior facilidade e rapidez no acesso, e personalizar o site, a informa\u00e7\u00e3o ou a nossa comunica\u00e7\u00e3o consigo. Identificamos tamb\u00e9m informa\u00e7\u00e3o t\u00e9cnica do seu computador quando visita o nosso site, tal como o endere\u00e7o IP, o sistema operativo e o tipo de browser. Utilizamos esta informa\u00e7\u00e3o para aumentar a qualidade e melhorar a experi\u00eancia da sua visita ao nosso site. A maioria dos browsers aceita automaticamente cookies, mas poder\u00e1 apag\u00e1-los a qualquer momento ou definir o seu bloqueio permanente. No menu \u201cAjuda\u201d do seu browser encontrar\u00e1 como efetuar essas configura\u00e7\u00f5es. Caso n\u00e3o permita o uso de cookies, poder\u00e1 n\u00e3o conseguir utilizar algumas funcionalidades do site. Os dados recolhidos nas cookies s\u00e3o coletivos e an\u00f3nimos, mas mesmo assim n\u00e3o armazenamos informa\u00e7\u00f5es pessoais sens\u00edveis, tais como moradas, palavras-passe, dados relativos a cart\u00f5es de cr\u00e9dito ou d\u00e9bito, etc. salvo nos teremos detalhados nesta pol\u00edtica. Os seus dados pessoais podem ser acedidos por n\u00f3s ou por terceiros quando se trate de cookies de terceiros, como \u00e9 o caso do Google Analytics, uma ferramenta da Google que nos permite monitorizar o site para obter informa\u00e7\u00f5es de acesso como o n\u00famero de vezes que um utilizador visita o site, a dura\u00e7\u00e3o de cada visita, links clicados, etc.<\/p>\n<h5>8. DIREITO DE ACESSO AOS DADOS PESSOAIS, E OUTROS DIREITOS<\/h5>\n<p>O utilizador tem o direito a obter de n\u00f3s, em qualquer momento e de forma percet\u00edvel, a confirma\u00e7\u00e3o de que possu\u00edmos dados pessoais seus, mesmo n\u00e3o estando registado no site.<\/p>\n<p>O utilizador tem o direito a ser informado por n\u00f3s sobre a fonte que nos transmitiu os seus dados pessoais, sobre as finalidades e os meios de tratamento dos seus dados pessoais, sobre a l\u00f3gica subjacente ao processamento eletr\u00f3nico de dados pessoais, e sobre as entidades externas e a quem os seus dados pessoais poder\u00e3o ser divulgados ou que possam aceder aos seus dados pessoais \u2013 por exemplo, os nomes das entidades externas subcontratadas pela The Book Company. Poder\u00e1 tamb\u00e9m encontrar as informa\u00e7\u00f5es acima referidas nesta pol\u00edtica.<\/p>\n<p>O utilizador tem o direito de solicitar a qualquer momento \u00e0 The Book Company:<\/p>\n<p>a) atualiza\u00e7\u00e3o, retifica\u00e7\u00e3o ou integra\u00e7\u00e3o dos seus dados pessoais;<br \/>\nb) elimina\u00e7\u00e3o, anonimiza\u00e7\u00e3o ou bloqueio dos seus dados pessoais;<br \/>\nc) confirma\u00e7\u00e3o de que as opera\u00e7\u00f5es nas al\u00edneas a) e b) foram realizadas, exceto quando se torne imposs\u00edvel obter essa confirma\u00e7\u00e3o ou se isso exceder o seu direito.<\/p>\n<p>O utilizador tem o direito de se opor, no todo ou em parte, mesmo que anteriormente o tenha permitido, ao tratamento dos seus dados pessoais para fins publicit\u00e1rios ou de marketing direto ou para vender produtos ou realizar pesquisas de mercado ou de comunica\u00e7\u00f5es comerciais.<\/p>\n<p>O utilizador pode exercer livremente os seus direitos em qualquer momento, desde que o fa\u00e7a em conformidade com a legisla\u00e7\u00e3o em vigor em Portugal, enviando o seu pedido para <a href=\"mailto:producao@thebookcompany.pt\">producao@thebookcompany.pt<\/a>.<\/p>\n<h5>9. CONTACTOS<\/h5>\n<p>Se desejar mais informa\u00e7\u00f5es sobre as nossas pr\u00e1ticas de seguran\u00e7a e privacidade, pergunte-nos para <a href=\"mailto:producao@thebookcompany.pt\">producao@thebookcompany.pt<\/a>.<\/p>\n<h5>10. NEWSLETTER<\/h5>\n<p>Se subscrever no site a nossa newsletter, ir\u00e1 receb\u00ea-la por email. Caso n\u00e3o pretenda receber mais newsletters, poder\u00e1 remover o seu endere\u00e7o clicando no link presente no rodap\u00e9 de cada newsletter.<\/p>\n<p>&nbsp;<\/p>\n<p>&nbsp;<\/p>\n","protected":false},"excerpt":{"rendered":"<p>A presente Pol\u00edtica de Seguran\u00e7a e Privacidade estabelece os termos e condi\u00e7\u00f5es ao abrigo dos quais a Booktailors &#8211; The Book Company, Unipessoal, Lda (em diante, n\u00f3s ou The Book Company), com sede na Rua Alexandre Herculano, 50, 3\u00ba Andar, 1250-011 Lisboa, trata os dados pessoais que recolhe dos utilizadores deste site. Na The Book&#8230;<\/p>\n","protected":false},"author":1,"featured_media":0,"parent":0,"menu_order":0,"comment_status":"closed","ping_status":"open","template":"","meta":{"footnotes":""},"_links":{"self":[{"href":"https:\/\/festival-utopia.pt\/2023\/wp-json\/wp\/v2\/pages\/3"}],"collection":[{"href":"https:\/\/festival-utopia.pt\/2023\/wp-json\/wp\/v2\/pages"}],"about":[{"href":"https:\/\/festival-utopia.pt\/2023\/wp-json\/wp\/v2\/types\/page"}],"author":[{"embeddable":true,"href":"https:\/\/festival-utopia.pt\/2023\/wp-json\/wp\/v2\/users\/1"}],"replies":[{"embeddable":true,"href":"https:\/\/festival-utopia.pt\/2023\/wp-json\/wp\/v2\/comments?post=3"}],"version-history":[{"count":6,"href":"https:\/\/festival-utopia.pt\/2023\/wp-json\/wp\/v2\/pages\/3\/revisions"}],"predecessor-version":[{"id":397,"href":"https:\/\/festival-utopia.pt\/2023\/wp-json\/wp\/v2\/pages\/3\/revisions\/397"}],"wp:attachment":[{"href":"https:\/\/festival-utopia.pt\/2023\/wp-json\/wp\/v2\/media?parent=3"}],"curies":[{"name":"wp","href":"https:\/\/api.w.org\/{rel}","templated":true}]}}