{"id":369,"date":"2023-05-26T11:39:58","date_gmt":"2023-05-26T11:39:58","guid":{"rendered":"http:\/\/festival-utopia.pt\/?page_id=369"},"modified":"2023-10-13T15:41:07","modified_gmt":"2023-10-13T15:41:07","slug":"sobre-o-festival","status":"publish","type":"page","link":"https:\/\/festival-utopia.pt\/2023\/sobre-o-festival\/","title":{"rendered":"Sobre o Festival"},"content":{"rendered":"<p><span style=\"font-weight: 400;\">Tal como a ilha imaginada por More, toda a literatura \u00e9 uma utopia que defende e projecta uma certa ideia de bem comum. Simultaneamente, \u00e9 atrav\u00e9s de par\u00e1bolas e imagens inventadas que os autores s\u00e3o capazes de expor os medos, os sonhos e os anseios dos homens.\u00a0<\/span><\/p>\n<p><span style=\"font-weight: 400;\">O Festival Liter\u00e1rio Utopia tem assim no centro a melhor das inven\u00e7\u00f5es, presente em todas as artes, ramos cient\u00edficos e do saber. O livro, um objecto simples cujas caracter\u00edsticas t\u00e9cnicas pouco se alteraram nas \u00faltimas centenas de anos, \u00e9 um instrumento de compreens\u00e3o do mundo e \u00e9, ainda hoje \u2014 numa \u00e9poca de acelera\u00e7\u00e3o \u2014 o maior transmissor de capital cultural perene.<\/span><\/p>\n<p><strong>A programa\u00e7\u00e3o ser\u00e1 composta por conversas, espet\u00e1culos, workshops, sess\u00f5es com escolas, oficinas, entrevistas, exposi\u00e7\u00f5es, passeios liter\u00e1rios e v\u00e1rias outras propostas ao longo dos 11 dias. <\/strong>O <a href=\"https:\/\/www.espacovita.pt\/\" target=\"_blank\" rel=\"noopener\">Espa\u00e7o Vita<\/a> concentrar\u00e1 grande parte da programa\u00e7\u00e3o, mas outros espa\u00e7os como o <a href=\"https:\/\/www.theatrocirco.com\/\" target=\"_blank\" rel=\"noopener\">Theatro Circo<\/a> dar\u00e3o tamb\u00e9m palco a momentos do Utopia.<\/p>\n<p><span style=\"font-weight: 400;\">Toda a literatura \u00e9 uma Utopia e o Utopia abarca e transborda todos os tipos de literatura, o livro nos seus v\u00e1rios formatos e suportes, o livro enquanto pe\u00e7a central das outras artes e manifesta\u00e7\u00f5es culturais.<\/span><\/p>\n<p><span style=\"font-weight: 400;\">Ao longo de 11 dias, <a href=\"https:\/\/festival-utopia.pt\/conhecer-braga\/\">Braga<\/a> \u2014 uma das cidades mais din\u00e2micas do pa\u00eds \u2014 \u00e9 centro, reservat\u00f3rio e motor propulsor do que melhor o livro tem para dar. Albergando todas as culturas e manifesta\u00e7\u00f5es, respeitando e estimulando a diversidade, ser\u00e1 a porta de entrada para o encontro de todos aqueles que se encontram e manifestam no livro. \u00c9 um evento de grande potencial medi\u00e1tico com mais de 100 convidados que, convocando as for\u00e7as vivas da cidade \u2014 universidades, bibliotecas, livrarias, agentes culturais \u2014 contar\u00e1 com autores de primeira linha e ser\u00e1 replic\u00e1vel internacionalmente.<\/span><\/p>\n<p><strong>Promotor:<\/strong> <a href=\"https:\/\/thebookcompany.pt\/\" target=\"_blank\" rel=\"noopener\">The Book Company<\/a><br \/>\n<strong>Principal Parceiro:<\/strong> <a href=\"https:\/\/www.cm-braga.pt\/pt\" target=\"_blank\" rel=\"noopener\">C\u00e2mara Municipal de Braga.<\/a><br \/>\n<strong>Media partner:<\/strong> <a href=\"https:\/\/www.publico.pt\/\" target=\"_blank\" rel=\"noopener\">P\u00fablico<\/a>, <a href=\"https:\/\/www.rtp.pt\/\" target=\"_blank\" rel=\"noopener\">RTP<\/a>,<a href=\"https:\/\/antena1.rtp.pt\/\" target=\"_blank\" rel=\"noopener\"> Antena 1<\/a> e <a href=\"https:\/\/antena2.rtp.pt\/\" target=\"_blank\" rel=\"noopener\">Antena 2<\/a>.<\/p>\n<p><strong>Apoio:<\/strong>\u00a0<a href=\"https:\/\/www.turismodeportugal.pt\/pt\/Paginas\/homepage.aspx\" target=\"_blank\" rel=\"noopener\">Turismo de Portugal, no \u00e2mbito do programa Portugal Events.<\/a><br \/>\n<strong>Patrocinadores e parceiros<\/strong>: <a href=\"https:\/\/www.dstsgps.com\/intro-pt-pt\/#\/#intro\" target=\"_blank\" rel=\"noopener\">dstgroup<\/a>, <a href=\"https:\/\/www.parlamento.pt\/\" target=\"_blank\" rel=\"noopener\">Assembleia da Rep\u00fablica<\/a>, <a href=\"https:\/\/incm.pt\/site\/index.php\" target=\"_blank\" rel=\"noopener\">Imprensa Nacional Casa da Moeda<\/a>, <a href=\"https:\/\/lisboa5l.pt\/\" target=\"_blank\" rel=\"noopener\">Festival Liter\u00e1rio 5L<\/a> (<a href=\"https:\/\/www.lisboa.pt\/\" target=\"_blank\" rel=\"noopener\">C\u00e2mara Municipal de Lisboa<\/a>), <a href=\"https:\/\/www.ccdr-n.pt\/\" target=\"_blank\" rel=\"noopener\">CCDR-Norte<\/a>, <a href=\"https:\/\/amblisbona.esteri.it\/pt\/\" target=\"_blank\" rel=\"noopener\">Embaixada de It\u00e1lia<\/a>, <a href=\"https:\/\/www.llull.cat\/english\/home\/index.cfm\" target=\"_blank\" rel=\"noopener\">Instituto Ramon Llull<\/a>, <a href=\"https:\/\/www.confiauto.pt\/\" target=\"_blank\" rel=\"noopener\">Confiauto<\/a>, \u00a0<a href=\"https:\/\/www.pingodoce.pt\/\" target=\"_blank\" rel=\"noopener\">Pingo Doce<\/a>, <a href=\"https:\/\/www.mcdonalds.pt\/\" target=\"_blank\" rel=\"noopener\">McDonald\u2019s Braga<\/a>, <a href=\"https:\/\/www.pnl2027.gov.pt\/np4\/home\" target=\"_blank\" rel=\"noopener\">Plano Nacional de Leitura<\/a>, <a href=\"https:\/\/casamericalatina.pt\/2022\/10\/07\/festival-puro-conto-na-casa-da-america-latina\/\" target=\"_blank\" rel=\"noopener\">Festival Puro Conto<\/a>\/<a href=\"https:\/\/casamericalatina.pt\/\" target=\"_blank\" rel=\"noopener\">Casa da Am\u00e9rica Latina<\/a>, <a href=\"https:\/\/www.uminho.pt\/PT\" target=\"_blank\" rel=\"noopener\">Universidade do Minho<\/a>, <a href=\"https:\/\/conservatorio.bomfim.org\/\" target=\"_blank\" rel=\"noopener\">Conservat\u00f3rio Bomfim<\/a>, <a href=\"https:\/\/dglab.gov.pt\/\" target=\"_blank\" rel=\"noopener\">DGLAB<\/a>, <a href=\"https:\/\/culturanorte.gov.pt\/\" target=\"_blank\" rel=\"noopener\">Dire\u00e7\u00e3o Regional de Cultura do Norte<\/a>, <a href=\"https:\/\/edigma.com\/\" target=\"_blank\" rel=\"noopener\">Edigma<\/a>, <a href=\"https:\/\/www.diariodominho.pt\/\" target=\"_blank\" rel=\"noopener\">Di\u00e1rio do Minho<\/a>, <a href=\"https:\/\/www.espacovita.pt\/\" target=\"_blank\" rel=\"noopener\">Espa\u00e7o Vita<\/a>, <a href=\"https:\/\/www.entartes.pt\/\" target=\"_blank\" rel=\"noopener\">Ent\u2019artes<\/a>, <a href=\"https:\/\/www.f3m.pt\/\" target=\"_blank\" rel=\"noopener\">F3M<\/a>, <a href=\"https:\/\/www.fnac.pt\/\" target=\"_blank\" rel=\"noopener\">Fnac<\/a>, <a href=\"https:\/\/caminhoscruzados.net\/\" target=\"_blank\" rel=\"noopener\">Caminhos Cruzados<\/a>, <a href=\"https:\/\/cervejaletra.pt\/\" target=\"_blank\" rel=\"noopener\">Letra<\/a>, <a href=\"https:\/\/myrtillus.pt\/?fbclid=IwAR1UHBd3APCDyVj8_i2a6L7KUY_CN6PbLSQzvhcBx9j8c1h9vqj63CnFWVw\" target=\"_blank\" rel=\"noopener\">Myrtillus<\/a>, <a href=\"https:\/\/www.portanovach.pt\/\" target=\"_blank\" rel=\"noopener\">Porta Nova Collection House<\/a>, <a href=\"https:\/\/www.instagram.com\/quiz.braga\/\" target=\"_blank\" rel=\"noopener\">Quiz Braga<\/a>.<\/p>\n<p>&nbsp;<\/p>\n<p>&nbsp;<\/p>\n<p>&nbsp;<\/p>\n<p>&nbsp;<\/p>\n","protected":false},"excerpt":{"rendered":"<p>Tal como a ilha imaginada por More, toda a literatura \u00e9 uma utopia que defende e projecta uma certa ideia de bem comum. Simultaneamente, \u00e9 atrav\u00e9s de par\u00e1bolas e imagens inventadas que os autores s\u00e3o capazes de expor os medos, os sonhos e os anseios dos homens.\u00a0 O Festival Liter\u00e1rio Utopia tem assim no centro&#8230;<\/p>\n","protected":false},"author":1,"featured_media":0,"parent":0,"menu_order":0,"comment_status":"closed","ping_status":"closed","template":"","meta":{"footnotes":""},"_links":{"self":[{"href":"https:\/\/festival-utopia.pt\/2023\/wp-json\/wp\/v2\/pages\/369"}],"collection":[{"href":"https:\/\/festival-utopia.pt\/2023\/wp-json\/wp\/v2\/pages"}],"about":[{"href":"https:\/\/festival-utopia.pt\/2023\/wp-json\/wp\/v2\/types\/page"}],"author":[{"embeddable":true,"href":"https:\/\/festival-utopia.pt\/2023\/wp-json\/wp\/v2\/users\/1"}],"replies":[{"embeddable":true,"href":"https:\/\/festival-utopia.pt\/2023\/wp-json\/wp\/v2\/comments?post=369"}],"version-history":[{"count":20,"href":"https:\/\/festival-utopia.pt\/2023\/wp-json\/wp\/v2\/pages\/369\/revisions"}],"predecessor-version":[{"id":3194,"href":"https:\/\/festival-utopia.pt\/2023\/wp-json\/wp\/v2\/pages\/369\/revisions\/3194"}],"wp:attachment":[{"href":"https:\/\/festival-utopia.pt\/2023\/wp-json\/wp\/v2\/media?parent=369"}],"curies":[{"name":"wp","href":"https:\/\/api.w.org\/{rel}","templated":true}]}}